{"id":667,"date":"2009-05-06T11:43:24","date_gmt":"2009-05-06T16:43:24","guid":{"rendered":"http:\/\/wpzoom.com\/zenko\/demo\/?page_id=3"},"modified":"2019-01-24T16:40:24","modified_gmt":"2019-01-24T18:40:24","slug":"contact","status":"publish","type":"page","link":"https:\/\/www.pisolucoes.com.br\/?page_id=667","title":{"rendered":"Fale conosco"},"content":{"rendered":"<h5><strong>Hor\u00e1rio de atendimento :<\/strong> Segunda \u00e0 Sexta-feira das 09h \u00e0s 17h<\/h5>\n<h5><strong>Endere\u00e7o:<\/strong> Jundia\u00ed, SP<\/h5>\n<h5><strong> E-mail :<\/strong> <a href=\"mailto:info@businesspoint.com\">contato[@]pisolucoes.com.br<\/a><\/h5>\n<p>[contact-form-7 id=&#8221;5001&#8243; title=&#8221;Contato&#8221;]<\/p>\n","protected":false},"excerpt":{"rendered":"<p>Hor\u00e1rio de atendimento : Segunda \u00e0 Sexta-feira das 09h \u00e0s 17h Endere\u00e7o: Jundia\u00ed, SP E-mail : contato[@]pisolucoes.com.br [contact-form-7 id=&#8221;5001&#8243; title=&#8221;Contato&#8221;]<\/p>\n","protected":false},"author":1,"featured_media":0,"parent":0,"menu_order":0,"comment_status":"closed","ping_status":"closed","template":"","meta":{"content-type":"","footnotes":""},"class_list":["post-667","page","type-page","status-publish","hentry"],"_links":{"self":[{"href":"https:\/\/www.pisolucoes.com.br\/index.php?rest_route=\/wp\/v2\/pages\/667","targetHints":{"allow":["GET"]}}],"collection":[{"href":"https:\/\/www.pisolucoes.com.br\/index.php?rest_route=\/wp\/v2\/pages"}],"about":[{"href":"https:\/\/www.pisolucoes.com.br\/index.php?rest_route=\/wp\/v2\/types\/page"}],"author":[{"embeddable":true,"href":"https:\/\/www.pisolucoes.com.br\/index.php?rest_route=\/wp\/v2\/users\/1"}],"replies":[{"embeddable":true,"href":"https:\/\/www.pisolucoes.com.br\/index.php?rest_route=%2Fwp%2Fv2%2Fcomments&post=667"}],"version-history":[{"count":2,"href":"https:\/\/www.pisolucoes.com.br\/index.php?rest_route=\/wp\/v2\/pages\/667\/revisions"}],"predecessor-version":[{"id":5221,"href":"https:\/\/www.pisolucoes.com.br\/index.php?rest_route=\/wp\/v2\/pages\/667\/revisions\/5221"}],"wp:attachment":[{"href":"https:\/\/www.pisolucoes.com.br\/index.php?rest_route=%2Fwp%2Fv2%2Fmedia&parent=667"}],"curies":[{"name":"wp","href":"https:\/\/api.w.org\/{rel}","templated":true}]}}