{"id":61,"date":"2019-01-24T15:18:07","date_gmt":"2019-01-24T17:18:07","guid":{"rendered":"http:\/\/www.pisolucoes.com.br\/?page_id=61"},"modified":"2019-01-24T16:42:38","modified_gmt":"2019-01-24T18:42:38","slug":"treinamentos","status":"publish","type":"page","link":"https:\/\/www.pisolucoes.com.br\/?page_id=61","title":{"rendered":"Treinamentos"},"content":{"rendered":"\n<p>A Pi Solu\u00e7\u00f5es realiza treinamentos para capacitar profissionais de tecnologia da informa\u00e7\u00e3o em ferramentas de desenvolvimento de software, al\u00e9m de processos de gest\u00e3o da \u00e1rea de TI.<\/p>\n\n\n\n<p>Dentre os treinamentos ministrados, j\u00e1 realizamos capacita\u00e7\u00e3o em:<\/p>\n\n\n\n<ul class=\"wp-block-list\"><li>Desenvolvimento C#<\/li><li>Instala\u00e7\u00e3o, configura\u00e7\u00e3o e gerenciamento de SVN<\/li><li>Linguagem SQL<\/li><li>Desenvolvimento de WebServices e Web API<\/li><li>Opera\u00e7\u00e3o de sistemas de informa\u00e7\u00e3o em geral<\/li><\/ul>\n\n\n\n<p>Nossos treinamentos podem ser para indiv\u00edduos ou para empresas. Entre em contato conosco para conhecer as possibilidades.<\/p>\n","protected":false},"excerpt":{"rendered":"<p>A Pi Solu\u00e7\u00f5es realiza treinamentos para capacitar profissionais de tecnologia da informa\u00e7\u00e3o em ferramentas de desenvolvimento de software, al\u00e9m de processos de gest\u00e3o da \u00e1rea de TI. Dentre os treinamentos ministrados, j\u00e1 realizamos capacita\u00e7\u00e3o em: Desenvolvimento C# Instala\u00e7\u00e3o, configura\u00e7\u00e3o e gerenciamento de SVN Linguagem SQL Desenvolvimento de WebServices e Web API Opera\u00e7\u00e3o de sistemas de [&hellip;]<\/p>\n","protected":false},"author":1,"featured_media":62,"parent":4724,"menu_order":0,"comment_status":"closed","ping_status":"closed","template":"","meta":{"content-type":"","footnotes":""},"class_list":["post-61","page","type-page","status-publish","has-post-thumbnail","hentry"],"_links":{"self":[{"href":"https:\/\/www.pisolucoes.com.br\/index.php?rest_route=\/wp\/v2\/pages\/61","targetHints":{"allow":["GET"]}}],"collection":[{"href":"https:\/\/www.pisolucoes.com.br\/index.php?rest_route=\/wp\/v2\/pages"}],"about":[{"href":"https:\/\/www.pisolucoes.com.br\/index.php?rest_route=\/wp\/v2\/types\/page"}],"author":[{"embeddable":true,"href":"https:\/\/www.pisolucoes.com.br\/index.php?rest_route=\/wp\/v2\/users\/1"}],"replies":[{"embeddable":true,"href":"https:\/\/www.pisolucoes.com.br\/index.php?rest_route=%2Fwp%2Fv2%2Fcomments&post=61"}],"version-history":[{"count":1,"href":"https:\/\/www.pisolucoes.com.br\/index.php?rest_route=\/wp\/v2\/pages\/61\/revisions"}],"predecessor-version":[{"id":63,"href":"https:\/\/www.pisolucoes.com.br\/index.php?rest_route=\/wp\/v2\/pages\/61\/revisions\/63"}],"up":[{"embeddable":true,"href":"https:\/\/www.pisolucoes.com.br\/index.php?rest_route=\/wp\/v2\/pages\/4724"}],"wp:featuredmedia":[{"embeddable":true,"href":"https:\/\/www.pisolucoes.com.br\/index.php?rest_route=\/wp\/v2\/media\/62"}],"wp:attachment":[{"href":"https:\/\/www.pisolucoes.com.br\/index.php?rest_route=%2Fwp%2Fv2%2Fmedia&parent=61"}],"curies":[{"name":"wp","href":"https:\/\/api.w.org\/{rel}","templated":true}]}}