{"id":5281,"date":"2025-03-24T09:06:42","date_gmt":"2025-03-24T12:06:42","guid":{"rendered":"https:\/\/www.pisolucoes.com.br\/?page_id=5281"},"modified":"2025-03-24T09:32:27","modified_gmt":"2025-03-24T12:32:27","slug":"intelipharma","status":"publish","type":"page","link":"https:\/\/www.pisolucoes.com.br\/?page_id=5281","title":{"rendered":"Intelipharma"},"content":{"rendered":"\n<p><a href=\"https:\/\/intelipharma.com.br\/auth\" target=\"_blank\" rel=\"noreferrer noopener\">Intelipharma <\/a>\u00e9 um sistema SaaS para classifica\u00e7\u00e3o de documentos e automatiza\u00e7\u00e3o de processos.<\/p>\n\n\n\n<p>Acesse <a href=\"https:\/\/intelipharma.com.br\/auth\" target=\"_blank\" rel=\"noreferrer noopener\">o site<\/a> para o demonstrativo.<\/p>\n\n\n\n<p><\/p>\n","protected":false},"excerpt":{"rendered":"<p>Intelipharma \u00e9 um sistema SaaS para classifica\u00e7\u00e3o de documentos e automatiza\u00e7\u00e3o de processos. Acesse o site para o demonstrativo.<\/p>\n","protected":false},"author":1,"featured_media":4918,"parent":4724,"menu_order":0,"comment_status":"closed","ping_status":"closed","template":"","meta":{"content-type":"","footnotes":""},"class_list":["post-5281","page","type-page","status-publish","has-post-thumbnail","hentry"],"_links":{"self":[{"href":"https:\/\/www.pisolucoes.com.br\/index.php?rest_route=\/wp\/v2\/pages\/5281","targetHints":{"allow":["GET"]}}],"collection":[{"href":"https:\/\/www.pisolucoes.com.br\/index.php?rest_route=\/wp\/v2\/pages"}],"about":[{"href":"https:\/\/www.pisolucoes.com.br\/index.php?rest_route=\/wp\/v2\/types\/page"}],"author":[{"embeddable":true,"href":"https:\/\/www.pisolucoes.com.br\/index.php?rest_route=\/wp\/v2\/users\/1"}],"replies":[{"embeddable":true,"href":"https:\/\/www.pisolucoes.com.br\/index.php?rest_route=%2Fwp%2Fv2%2Fcomments&post=5281"}],"version-history":[{"count":4,"href":"https:\/\/www.pisolucoes.com.br\/index.php?rest_route=\/wp\/v2\/pages\/5281\/revisions"}],"predecessor-version":[{"id":5288,"href":"https:\/\/www.pisolucoes.com.br\/index.php?rest_route=\/wp\/v2\/pages\/5281\/revisions\/5288"}],"up":[{"embeddable":true,"href":"https:\/\/www.pisolucoes.com.br\/index.php?rest_route=\/wp\/v2\/pages\/4724"}],"wp:featuredmedia":[{"embeddable":true,"href":"https:\/\/www.pisolucoes.com.br\/index.php?rest_route=\/wp\/v2\/media\/4918"}],"wp:attachment":[{"href":"https:\/\/www.pisolucoes.com.br\/index.php?rest_route=%2Fwp%2Fv2%2Fmedia&parent=5281"}],"curies":[{"name":"wp","href":"https:\/\/api.w.org\/{rel}","templated":true}]}}